{"id":4476,"date":"2014-09-21T15:27:20","date_gmt":"2014-09-21T13:27:20","guid":{"rendered":"http:\/\/www.geri.at\/wordpress\/?page_id=4476"},"modified":"2021-03-25T13:52:06","modified_gmt":"2021-03-25T12:52:06","slug":"impressum","status":"publish","type":"page","link":"https:\/\/www.geri.at\/wordpress\/impressum\/","title":{"rendered":"Impressum"},"content":{"rendered":"<div id=\"staticpage_Impressum\" class=\"serendipity_Entry_Date serendipity_staticpage\">\n<div class=\"serendipity_entry\">\n<div class=\"serendipity_entry_body\">\n<div id=\"\" class=\"staticpage_content\">\n<div id=\"staticpage_Impressum\" class=\"serendipity_Entry_Date serendipity_staticpage\">\n<div class=\"serendipity_entry\">\n<div class=\"serendipity_entry_body\">\n<div id=\"\" class=\"staticpage_content\">Das ist die private Homepage von Gerald Kotrba.<\/div>\n<div class=\"staticpage_content\">\u00a0<\/div>\n<div class=\"staticpage_content\"><strong>Haftungshinweis:<\/strong> Trotz sorgf\u00e4ltiger inhaltlicher Kontrolle \u00fcbernehme ich keine Haftung f\u00fcr die Inhalte externer Links. F\u00fcr den Inhalt der verlinkten Seiten sind ausschlie\u00dflich deren Betreiber verantwortlich. Die verwendeten Bilder unterliegen dem Copyright von Gerald Kotrba.<\/div>\n<\/div>\n<\/div>\n<\/div>\n<div class=\"serendipity_Entry_Date serendipity_staticpage\">\n<div class=\"staticpage_author\">Geri<\/div>\n<\/div>\n<\/div>\n<\/div>\n<\/div>\n<\/div>\n\n\n<div class=\"wp-block-image is-style-default\"><figure class=\"aligncenter size-large\"><img loading=\"lazy\" decoding=\"async\" width=\"258\" height=\"354\" src=\"https:\/\/www.geri.at\/wordpress\/wp-content\/uploads\/2021\/03\/51.jpg\" alt=\"\" class=\"wp-image-7285\" srcset=\"https:\/\/www.geri.at\/wordpress\/wp-content\/uploads\/2021\/03\/51.jpg 258w, https:\/\/www.geri.at\/wordpress\/wp-content\/uploads\/2021\/03\/51-146x200.jpg 146w\" sizes=\"auto, (max-width: 258px) 100vw, 258px\" \/><\/figure><\/div>\n","protected":false},"excerpt":{"rendered":"<p>Das ist die private Homepage von Gerald Kotrba. \u00a0 Haftungshinweis: Trotz sorgf\u00e4ltiger inhaltlicher Kontrolle \u00fcbernehme ich keine Haftung f\u00fcr die Inhalte externer Links. F\u00fcr den Inhalt der verlinkten Seiten sind ausschlie\u00dflich deren Betreiber verantwortlich. Die verwendeten Bilder unterliegen dem Copyright&#8230; <a href=\"https:\/\/www.geri.at\/wordpress\/impressum\/\" class=\"read-more\">Read More<\/a><\/p>\n","protected":false},"author":1,"featured_media":4752,"parent":0,"menu_order":0,"comment_status":"open","ping_status":"open","template":"","meta":{"footnotes":""},"class_list":["post-4476","page","type-page","status-publish","has-post-thumbnail","hentry"],"_links":{"self":[{"href":"https:\/\/www.geri.at\/wordpress\/wp-json\/wp\/v2\/pages\/4476","targetHints":{"allow":["GET"]}}],"collection":[{"href":"https:\/\/www.geri.at\/wordpress\/wp-json\/wp\/v2\/pages"}],"about":[{"href":"https:\/\/www.geri.at\/wordpress\/wp-json\/wp\/v2\/types\/page"}],"author":[{"embeddable":true,"href":"https:\/\/www.geri.at\/wordpress\/wp-json\/wp\/v2\/users\/1"}],"replies":[{"embeddable":true,"href":"https:\/\/www.geri.at\/wordpress\/wp-json\/wp\/v2\/comments?post=4476"}],"version-history":[{"count":20,"href":"https:\/\/www.geri.at\/wordpress\/wp-json\/wp\/v2\/pages\/4476\/revisions"}],"predecessor-version":[{"id":7289,"href":"https:\/\/www.geri.at\/wordpress\/wp-json\/wp\/v2\/pages\/4476\/revisions\/7289"}],"wp:featuredmedia":[{"embeddable":true,"href":"https:\/\/www.geri.at\/wordpress\/wp-json\/wp\/v2\/media\/4752"}],"wp:attachment":[{"href":"https:\/\/www.geri.at\/wordpress\/wp-json\/wp\/v2\/media?parent=4476"}],"curies":[{"name":"wp","href":"https:\/\/api.w.org\/{rel}","templated":true}]}}